{"id":5912,"date":"2021-02-09T18:39:10","date_gmt":"2021-02-09T18:39:10","guid":{"rendered":"https:\/\/www.rogergoulart.com\/politica-ambiental-y-alimentaria\/"},"modified":"2023-10-31T12:58:11","modified_gmt":"2023-10-31T12:58:11","slug":"politica-ambiental-i-alimentaria","status":"publish","type":"page","link":"https:\/\/www.rogergoulart.com\/ca\/politica-ambiental-i-alimentaria\/","title":{"rendered":"Pol\u00edtica ambiental i aliment\u00e0ria"},"content":{"rendered":"<p class=\"p1\">Roger Goulart S.A. (en adelante, Roger Goulart), dedicada a la elaboraci\u00f3n, crianza, embotellado y comercializaci\u00f3n de vinos amparados por la D.O. Cavas establece una pol\u00edtica de calidad,<span class=\"Apple-converted-space\">\u00a0 <\/span>\u00e9tica, ambiental y de seguridad alimentaria para su centro de producci\u00f3n;<\/p>\n<p class=\"p3\" style=\"text-align: center;\"><strong>Roger Goulart<\/strong>, Sant Esteve Sesrovires (Barcelona)<\/p>\n<p class=\"p1\">Esta pol\u00edtica se centra en la adopci\u00f3n de un Sistema Integrado de Gesti\u00f3n basado en el protocolo BRC que implica, en su implementaci\u00f3n y desarrollo diario<b>, <\/b><span class=\"s1\"><b>a todas<\/b><\/span> las personas que trabajan en la compa\u00f1\u00eda. A su vez<span class=\"Apple-converted-space\">\u00a0 <\/span>dota al sistema, para su eficaz funcionamiento, de los recursos humanos, t\u00e9cnicos y econ\u00f3micos precisos que asegurar\u00e1n la elaboraci\u00f3n de vinos de calidad.<\/p>\n<p class=\"p1\">Los Principios B\u00e1sicos en los que se apoya Roger Goulart para la definici\u00f3n de esta Pol\u00edtica son los siguientes:<\/p>\n<ul>\n<li>Cuidar la satisfacci\u00f3n de las <strong>partes interesadas<\/strong>, en base a sus necesidades, exigencias y expectativas; con vinos de calidad, inocuos y aut\u00e9nticos.<\/li>\n<li>Cumplir con toda la legislaci\u00f3n y reglamentaci\u00f3n aplicable a nuestros <strong>vinos<\/strong>, as\u00ed como con otros requisitos que la empresa se comprometa a cumplir.<\/li>\n<li>Cumplir con toda la legislaci\u00f3n y reglamentaci\u00f3n aplicable a nuestros <strong>empleados<\/strong>, as\u00ed como con otros requisitos que la empresa se comprometa a cumplir.<\/li>\n<li>Sensibilizar y motivar a todos los empleados, de acuerdo a sus responsabilidades y actividades, en el marco del Sistema de Gesti\u00f3n, reforzando los valores b\u00e1sicos de la Pol\u00edtica y form\u00e1ndolos para el correcto desarrollo de su trabajo.<\/li>\n<li>Asumir la adopci\u00f3n de objetivos y metas avanzando coordinadamente hacia su consecuci\u00f3n.<\/li>\n<li>Fomentar en el personal una actitud de sostenibilidad hacia el <strong>medio ambiente<\/strong>, potenciando la prevenci\u00f3n de la contaminaci\u00f3n como un desaf\u00edo global, en cuya soluci\u00f3n es necesario aunar los esfuerzos de todos.<\/li>\n<li>Conseguir minimizar o evitar el riesgo de contaminaci\u00f3n intencionada de nuestros alimentos a trav\u00e9s de toda la cadena de suministro, estableciendo medidas documentadas en nuestros planes <strong>Food Defense<\/strong> y <strong>control del Fraude<\/strong>.<\/li>\n<\/ul>\n<p class=\"p1\">La Direcci\u00f3n de la bodega se compromete a que esta Pol\u00edtica sea implantada y revisada en sus principios y pilares, incorporando todas las mejoras necesarias en las revisiones peri\u00f3dicas., y se asegura de que todos los empleados, proveedores y subcontratas, conozcan, comprendan y respeten esta Pol\u00edtica, haci\u00e9ndola p\u00fablica mediantes charlas y exponi\u00e9ndola en tablones de anuncios, quedando tambi\u00e9n a disposici\u00f3n del p\u00fablico en general.<\/p>\n<p class=\"p2\">DIRECCI\u00d3N<\/p>\n<p class=\"p1\">En Sant Esteve Sesrovires a 12 de enero de 2022<\/p>\n","protected":false},"excerpt":{"rendered":"<p>Roger Goulart S.A. (en adelante, Roger Goulart), dedicada a la elaboraci\u00f3n, crianza, embotellado y comercializaci\u00f3n de vinos amparados por la D.O. Cavas establece una pol\u00edtica de calidad,\u00a0 \u00e9tica, ambiental y de seguridad alimentaria para su centro de producci\u00f3n; Roger Goulart, Sant Esteve Sesrovires (Barcelona) Esta pol\u00edtica se centra en la adopci\u00f3n de un Sistema Integrado [&hellip;]<\/p>\n","protected":false},"author":1,"featured_media":0,"parent":0,"menu_order":2,"comment_status":"closed","ping_status":"closed","template":"","meta":{"_acf_changed":false,"inline_featured_image":false,"footnotes":""},"class_list":["post-5912","page","type-page","status-publish","hentry"],"acf":[],"yoast_head":"<!-- This site is optimized with the Yoast SEO plugin v26.9 - https:\/\/yoast.com\/product\/yoast-seo-wordpress\/ -->\n<title>Pol\u00edtica ambiental y alimentaria | Roger Goulart<\/title>\n<meta name=\"robots\" content=\"index, follow, max-snippet:-1, max-image-preview:large, max-video-preview:-1\" \/>\n<link rel=\"canonical\" href=\"https:\/\/www.rogergoulart.com\/ca\/politica-ambiental-i-alimentaria\/\" \/>\n<meta property=\"og:locale\" content=\"en_US\" \/>\n<meta property=\"og:type\" content=\"article\" \/>\n<meta property=\"og:title\" content=\"Pol\u00edtica ambiental y alimentaria | Roger Goulart\" \/>\n<meta property=\"og:description\" content=\"Roger Goulart S.A. (en adelante, Roger Goulart), dedicada a la elaboraci\u00f3n, crianza, embotellado y comercializaci\u00f3n de vinos amparados por la D.O. Cavas establece una pol\u00edtica de calidad,\u00a0 \u00e9tica, ambiental y de seguridad alimentaria para su centro de producci\u00f3n; Roger Goulart, Sant Esteve Sesrovires (Barcelona) Esta pol\u00edtica se centra en la adopci\u00f3n de un Sistema Integrado [&hellip;]\" \/>\n<meta property=\"og:url\" content=\"https:\/\/www.rogergoulart.com\/ca\/politica-ambiental-i-alimentaria\/\" \/>\n<meta property=\"og:site_name\" content=\"Roger Goulart\" \/>\n<meta property=\"article:modified_time\" content=\"2023-10-31T12:58:11+00:00\" \/>\n<meta name=\"twitter:card\" content=\"summary_large_image\" \/>\n<meta name=\"twitter:label1\" content=\"Est. reading time\" \/>\n\t<meta name=\"twitter:data1\" content=\"2 minutes\" \/>\n<script type=\"application\/ld+json\" class=\"yoast-schema-graph\">{\"@context\":\"https:\/\/schema.org\",\"@graph\":[{\"@type\":\"WebPage\",\"@id\":\"https:\/\/www.rogergoulart.com\/ca\/politica-ambiental-i-alimentaria\/\",\"url\":\"https:\/\/www.rogergoulart.com\/ca\/politica-ambiental-i-alimentaria\/\",\"name\":\"Pol\u00edtica ambiental y alimentaria | Roger Goulart\",\"isPartOf\":{\"@id\":\"https:\/\/www.rogergoulart.com\/ca\/#website\"},\"datePublished\":\"2021-02-09T18:39:10+00:00\",\"dateModified\":\"2023-10-31T12:58:11+00:00\",\"breadcrumb\":{\"@id\":\"https:\/\/www.rogergoulart.com\/ca\/politica-ambiental-i-alimentaria\/#breadcrumb\"},\"inLanguage\":\"ca-CA\",\"potentialAction\":[{\"@type\":\"ReadAction\",\"target\":[\"https:\/\/www.rogergoulart.com\/ca\/politica-ambiental-i-alimentaria\/\"]}]},{\"@type\":\"BreadcrumbList\",\"@id\":\"https:\/\/www.rogergoulart.com\/ca\/politica-ambiental-i-alimentaria\/#breadcrumb\",\"itemListElement\":[{\"@type\":\"ListItem\",\"position\":1,\"name\":\"Home\",\"item\":\"https:\/\/www.rogergoulart.com\/ca\/\"},{\"@type\":\"ListItem\",\"position\":2,\"name\":\"Pol\u00edtica ambiental i aliment\u00e0ria\"}]},{\"@type\":\"WebSite\",\"@id\":\"https:\/\/www.rogergoulart.com\/ca\/#website\",\"url\":\"https:\/\/www.rogergoulart.com\/ca\/\",\"name\":\"Roger Goulart\",\"description\":\"\",\"potentialAction\":[{\"@type\":\"SearchAction\",\"target\":{\"@type\":\"EntryPoint\",\"urlTemplate\":\"https:\/\/www.rogergoulart.com\/ca\/?s={search_term_string}\"},\"query-input\":{\"@type\":\"PropertyValueSpecification\",\"valueRequired\":true,\"valueName\":\"search_term_string\"}}],\"inLanguage\":\"ca-CA\"}]}<\/script>\n<!-- \/ Yoast SEO plugin. -->","yoast_head_json":{"title":"Pol\u00edtica ambiental y alimentaria | Roger Goulart","robots":{"index":"index","follow":"follow","max-snippet":"max-snippet:-1","max-image-preview":"max-image-preview:large","max-video-preview":"max-video-preview:-1"},"canonical":"https:\/\/www.rogergoulart.com\/ca\/politica-ambiental-i-alimentaria\/","og_locale":"en_US","og_type":"article","og_title":"Pol\u00edtica ambiental y alimentaria | Roger Goulart","og_description":"Roger Goulart S.A. (en adelante, Roger Goulart), dedicada a la elaboraci\u00f3n, crianza, embotellado y comercializaci\u00f3n de vinos amparados por la D.O. Cavas establece una pol\u00edtica de calidad,\u00a0 \u00e9tica, ambiental y de seguridad alimentaria para su centro de producci\u00f3n; Roger Goulart, Sant Esteve Sesrovires (Barcelona) Esta pol\u00edtica se centra en la adopci\u00f3n de un Sistema Integrado [&hellip;]","og_url":"https:\/\/www.rogergoulart.com\/ca\/politica-ambiental-i-alimentaria\/","og_site_name":"Roger Goulart","article_modified_time":"2023-10-31T12:58:11+00:00","twitter_card":"summary_large_image","twitter_misc":{"Est. reading time":"2 minutes"},"schema":{"@context":"https:\/\/schema.org","@graph":[{"@type":"WebPage","@id":"https:\/\/www.rogergoulart.com\/ca\/politica-ambiental-i-alimentaria\/","url":"https:\/\/www.rogergoulart.com\/ca\/politica-ambiental-i-alimentaria\/","name":"Pol\u00edtica ambiental y alimentaria | Roger Goulart","isPartOf":{"@id":"https:\/\/www.rogergoulart.com\/ca\/#website"},"datePublished":"2021-02-09T18:39:10+00:00","dateModified":"2023-10-31T12:58:11+00:00","breadcrumb":{"@id":"https:\/\/www.rogergoulart.com\/ca\/politica-ambiental-i-alimentaria\/#breadcrumb"},"inLanguage":"ca-CA","potentialAction":[{"@type":"ReadAction","target":["https:\/\/www.rogergoulart.com\/ca\/politica-ambiental-i-alimentaria\/"]}]},{"@type":"BreadcrumbList","@id":"https:\/\/www.rogergoulart.com\/ca\/politica-ambiental-i-alimentaria\/#breadcrumb","itemListElement":[{"@type":"ListItem","position":1,"name":"Home","item":"https:\/\/www.rogergoulart.com\/ca\/"},{"@type":"ListItem","position":2,"name":"Pol\u00edtica ambiental i aliment\u00e0ria"}]},{"@type":"WebSite","@id":"https:\/\/www.rogergoulart.com\/ca\/#website","url":"https:\/\/www.rogergoulart.com\/ca\/","name":"Roger Goulart","description":"","potentialAction":[{"@type":"SearchAction","target":{"@type":"EntryPoint","urlTemplate":"https:\/\/www.rogergoulart.com\/ca\/?s={search_term_string}"},"query-input":{"@type":"PropertyValueSpecification","valueRequired":true,"valueName":"search_term_string"}}],"inLanguage":"ca-CA"}]}},"_links":{"self":[{"href":"https:\/\/www.rogergoulart.com\/ca\/wp-json\/wp\/v2\/pages\/5912","targetHints":{"allow":["GET"]}}],"collection":[{"href":"https:\/\/www.rogergoulart.com\/ca\/wp-json\/wp\/v2\/pages"}],"about":[{"href":"https:\/\/www.rogergoulart.com\/ca\/wp-json\/wp\/v2\/types\/page"}],"author":[{"embeddable":true,"href":"https:\/\/www.rogergoulart.com\/ca\/wp-json\/wp\/v2\/users\/1"}],"replies":[{"embeddable":true,"href":"https:\/\/www.rogergoulart.com\/ca\/wp-json\/wp\/v2\/comments?post=5912"}],"version-history":[{"count":2,"href":"https:\/\/www.rogergoulart.com\/ca\/wp-json\/wp\/v2\/pages\/5912\/revisions"}],"predecessor-version":[{"id":5936,"href":"https:\/\/www.rogergoulart.com\/ca\/wp-json\/wp\/v2\/pages\/5912\/revisions\/5936"}],"wp:attachment":[{"href":"https:\/\/www.rogergoulart.com\/ca\/wp-json\/wp\/v2\/media?parent=5912"}],"curies":[{"name":"wp","href":"https:\/\/api.w.org\/{rel}","templated":true}]}}