{"id":5918,"date":"2021-02-01T10:04:09","date_gmt":"2021-02-01T10:04:09","guid":{"rendered":"https:\/\/www.rogergoulart.com\/aviso-legal\/"},"modified":"2023-10-31T13:00:14","modified_gmt":"2023-10-31T13:00:14","slug":"avis-legal","status":"publish","type":"page","link":"https:\/\/www.rogergoulart.com\/ca\/avis-legal\/","title":{"rendered":"Av\u00eds legal"},"content":{"rendered":"<p><strong>Datos identificativos<\/strong><br \/>\nLa empresa titular de esta website es la sociedad ROGER GOULART S.A. (en adelante, ROGER GOULART), con domicilio social en carretera Logro\u00f1o-Laguardia km. 4,8, 01300 Laguardia (\u00c1lava) y con CIF: A08409336, inscrita en el Registro Mercantil de \u00c1lava, Tomo 1638, Folio 223, Hoja VI-18668, Inscripci\u00f3n 117a, y gestiona el portal rogergoulart.com y clubrogergoulart.com. Correo electr\u00f3nico de contacto: <a href=\"mailto:sac@rogergoulart.com\">sac@rogergoulart.com<\/a>.<\/p>\n<p><strong>Usuarios<\/strong><br \/>\nLa utilizaci\u00f3n de la aplicaci\u00f3n web atribuye la condici\u00f3n de Usuario del Portal (en adelante, el \u2018Usuario\u2019) e implica la aceptaci\u00f3n plena y sin reservas de todas y cada una de las disposiciones incluidas en este Aviso Legal- Condiciones Generales de Uso en la versi\u00f3n publicada por BELA, en el momento mismo en que el Usuario acceda al Portal. En consecuencia, el Usuario debe leer atentamente el presente texto en cada una de las ocasiones en que se proponga utilizar el Portal, ya que este puede sufrir modificaciones. El Usuario se compromete a hacer un uso conforme con la legalidad vigente y en todo caso conforme a la buena fe, el orden p\u00fablico y las buenas costumbres, ROGER GOULART se reserva el derecho a denegar o retirar el acceso a su website y\/o los servicios ofrecidos sin necesidad de preaviso, a instancia propia o de un tercero, a aquellos usuarios que incumplan las presentes Condiciones Generales de Uso.<\/p>\n<p><strong>T\u00e9rminos de uso<\/strong><br \/>\nEl Portal de BROGER GOULART proporciona el acceso a multitud de informaciones, servicios, programas o datos en Internet pertenecientes a ROGER GOULART o a sus licencias antes a los que el Usuario puede pueda tener acceso.<\/p>\n<p>ROGER GOULART no se hace responsable de los contenidos, informaciones e im\u00e1genes que no dependan del Portal, ni sean gestionados por ROGER GOULART ni asume ninguna clase de responsabilidad derivada del mal uso de los mismos por parte de los Usuarios. El Usuario ser\u00e1 responsable de aportar informaci\u00f3n veraz y l\u00edcita en el caso de tener que registrarse en el Portal y en el supuesto de recibir una contrase\u00f1a se compromete a hacer un uso diligente y confidencial de la misma.<\/p>\n<p><strong>Exenci\u00f3n de responsabilidad por el funcionamiento del WEBSITE<\/strong><br \/>\nROGER GOULART proporciona sus servicios y contenidos de forma continuada utilizando todos los medios t\u00e9cnicos a su alcance para ejecutar dicha prestaci\u00f3n de manera satisfactoria.<\/p>\n<p>ROGER GOULART se reserva el derecho de efectuar sin previo aviso las modificaciones que considere oportunas en su portal, pudiendo cambiar, suprimir o a\u00f1adir tanto los contenidos y servicios que se presten a trav\u00e9s de la misma como la forma en la que \u00e9stos aparezcan presentados o localizados y a suspender temporal o permanentemente los servicios o contenidos por cualquier raz\u00f3n, sin que ello de lugar, ni derecho a ninguna reclamaci\u00f3n o indemnizaci\u00f3n, ni implique reconocimiento de responsabilidad alguna.<\/p>\n<p>ROGER GOULART no se hace responsable por los da\u00f1os y perjuicios de toda naturaleza que pudieran derivarse de la disponibilidad y continuidad t\u00e9cnica del funcionamiento del Portal.<\/p>\n<p>ROGER GOULART no ser\u00e1 responsable de da\u00f1os directos o indirectos, que se deriven del uso del sitio web, as\u00ed como los da\u00f1os relacionados con la demora o imposibilidad de utilizaci\u00f3n del servicio. ROGER GOULART tampoco garantiza que el servicio o el servidor est\u00e9n libres de virus u otros componentes nocivos.<\/p>\n<p>ROGER GOULART no se responsabiliza por fallos y\/o da\u00f1os derivados de la incompatibilidad de los servicios o contenidos de este sitio web con otros servicios, contenidos o programas inform\u00e1ticos utilizados por el Usuario.<\/p>\n<p><strong>Tratamiento de dato en correos electr\u00f3nicos<\/strong><br \/>\nRGPD 2016\/679: Sus datos de car\u00e1cter personal forman parte de nuestros ficheros con la finalidad de hacer efectiva nuestra relaci\u00f3n comercial garantiz\u00e1ndole en todo momento la m\u00e1s absoluta confidencialidad. Si lo desea puede ejercitar los derechos de acceso, rectificaci\u00f3n, limitaci\u00f3n, portabilidad, supresi\u00f3n y oposici\u00f3n de sus datos en Roger Goulart S.A. Carrer Major 6, 08635 \u2013 Sant Esteve Sesrovires (Barcelona). CONFIDENCIALIDAD: La informaci\u00f3n contenida tanto en este e-mail, como en los documentos adjuntos, es informaci\u00f3n confidencial y privilegiada para uso exclusivo de la persona o personas a las que va dirigido. No est\u00e1 permitido el acceso a este mensaje a cualquier otra persona distinta a los indicados. Si no es uno de los destinatarios o ha recibido este mensaje por error, cualquier duplicaci\u00f3n, reproducci\u00f3n, distribuci\u00f3n, as\u00ed como cualquier uso de la informaci\u00f3n contenida, est\u00e1 prohibida y puede ser ilegal.<\/p>\n<p><strong>Tratamiento de datos de car\u00e1cter personal<\/strong><br \/>\nPuede obtener m\u00e1s informaci\u00f3n visitando nuestra p\u00e1gina de <a href=\"http:\/\/www.rogergoulart.com\/politica-privacidad\/\">pol\u00edtica de privacidad<\/a>.<\/p>\n<p><strong>Derechos de propiedad intelectual e industrial<\/strong><br \/>\nLos textos (informaciones, conceptos, opiniones y otros an\u00e1logos) y elementos gr\u00e1ficos (dise\u00f1o, logos, c\u00f3digo fuente y otros an\u00e1logos) que constituyen el Portal y difundidos a trav\u00e9s de \u00e9ste, as\u00ed como su presentaci\u00f3n y montaje, son titularidad exclusiva de ROGER GOULART u ostenta los derechos de explotaci\u00f3n de estos a trav\u00e9s de acuerdos con terceros. Todos los nombres comerciales, marcas o signos distintivos, logotipos, s\u00edmbolos, marcas mixtas, figurativas o nominativas que aparecen en este Portal pertenecen a ROGER GOULART o dispone, previa autorizaci\u00f3n, del derecho de uso sobre las mismas y se encuentran protegidos por la legislaci\u00f3n vigente al respecto.<\/p>\n<p>La visualizaci\u00f3n, impresi\u00f3n y descarga (en todo caso parcial del contenido de la web) s\u00f3lo queda autorizada si se realiza para un uso personal y privado, sin fines comerciales.<\/p>\n<p><strong>Modificaci\u00f3n de las presentes condiciones y duraci\u00f3n<\/strong><br \/>\nROGER GOULART podr\u00e1 modificar en cualquier momento las condiciones aqu\u00ed determinadas, siendo debidamente publicadas como aqu\u00ed aparecen. La vigencia de las citadas condiciones ir\u00e1 en funci\u00f3n de su exposici\u00f3n y estar\u00e1n vigentes hasta que sean modificadas por otras debidamente publicadas.<\/p>\n<p><strong>Empleo de cookies<\/strong><br \/>\nPuedes obtener m\u00e1s informaci\u00f3n visitando nuestra p\u00e1gina de <a href=\"http:\/\/www.rogergoulart.com\/politica-de-cookies\/\">pol\u00edtica de cookies<\/a>.<\/p>\n<p><strong>Enlaces<\/strong><br \/>\nROGER GOULART deber\u00e1 autorizar expresamente el establecimiento de links de hipertexto (hiperv\u00ednculos) en otra website dirigidos al homepage de este Portal.<\/p>\n<p>En el caso de que en el portal se dispusiesen enlaces o hiperv\u00ednculos hac\u00eda otros sitios de Internet, ROGER GOULART no ejercer\u00e1 ning\u00fan tipo de control sobre dichos sitios y contenidos ni asumir\u00e1 responsabilidad alguna por los contenidos de un sitio web ajeno, ni garantizar\u00e1 la disponibilidad t\u00e9cnica, calidad, fiabilidad, exactitud, amplitud, veracidad, validez y constitucionalidad de cualquier material o informaci\u00f3n contenida en ninguno de dichos hiperv\u00ednculos u otros sitios de Internet. Igualmente, la inclusi\u00f3n de estas conexiones externas no implicar\u00e1 ning\u00fan tipo de asociaci\u00f3n, fusi\u00f3n o participaci\u00f3n con las entidades conectadas.<\/p>\n<p><strong>Legislaci\u00f3n aplicable y jurisdicci\u00f3n<\/strong><br \/>\nLa relaci\u00f3n entre ROGER GOULART y los Usuarios se regir\u00e1n por la normativa espa\u00f1ola vigente y cualquier controversia se someter\u00e1 a los Juzgados y Tribunales de la ciudad de Madrid.<\/p>\n<p><strong>Informaci\u00f3n al Visitante<\/strong><br \/>\nROGER GOULART le informa sobre su programa de Buenas Pr\u00e1cticas en Bodega:<\/p>\n<ul>\n<li>Recuerden que somos una empresa agroalimentaria, por lo tanto a lo largo de todo el recorrido guiado no est\u00e1 permitido manipular o tocar el producto en ninguna de las diferentes fases de producci\u00f3n del vino.<\/li>\n<li>No est\u00e1 permitido fumar ni comer en las instalaciones de la bodega.<\/li>\n<li>Los visitantes a bodega deber\u00e1n ir siempre acompa\u00f1ados de un responsable de la bodega. No deben separarse del grupo, en ning\u00fan momento.<\/li>\n<li>La bodega dispone de contenedores espec\u00edficos para cada residuo. Ay\u00fadennos a mantener nuestras instalaciones como las ha encontrado.<\/li>\n<li>Si quieren hacer alguna fotograf\u00eda o v\u00eddeo durante la visita, comun\u00edquenlo a la Responsable de la Visita.<\/li>\n<\/ul>\n","protected":false},"excerpt":{"rendered":"<p>Datos identificativos La empresa titular de esta website es la sociedad ROGER GOULART S.A. (en adelante, ROGER GOULART), con domicilio social en carretera Logro\u00f1o-Laguardia km. 4,8, 01300 Laguardia (\u00c1lava) y con CIF: A08409336, inscrita en el Registro Mercantil de \u00c1lava, Tomo 1638, Folio 223, Hoja VI-18668, Inscripci\u00f3n 117a, y gestiona el portal rogergoulart.com y clubrogergoulart.com. [&hellip;]<\/p>\n","protected":false},"author":1,"featured_media":0,"parent":0,"menu_order":4,"comment_status":"closed","ping_status":"closed","template":"","meta":{"_acf_changed":false,"inline_featured_image":false,"footnotes":""},"class_list":["post-5918","page","type-page","status-publish","hentry"],"acf":[],"yoast_head":"<!-- This site is optimized with the Yoast SEO plugin v26.9 - https:\/\/yoast.com\/product\/yoast-seo-wordpress\/ -->\n<title>Aviso legal | Roger Goulart<\/title>\n<meta name=\"robots\" content=\"index, follow, max-snippet:-1, max-image-preview:large, max-video-preview:-1\" \/>\n<link rel=\"canonical\" href=\"https:\/\/www.rogergoulart.com\/ca\/avis-legal\/\" \/>\n<meta property=\"og:locale\" content=\"en_US\" \/>\n<meta property=\"og:type\" content=\"article\" \/>\n<meta property=\"og:title\" content=\"Aviso legal | Roger Goulart\" \/>\n<meta property=\"og:description\" content=\"Datos identificativos La empresa titular de esta website es la sociedad ROGER GOULART S.A. (en adelante, ROGER GOULART), con domicilio social en carretera Logro\u00f1o-Laguardia km. 4,8, 01300 Laguardia (\u00c1lava) y con CIF: A08409336, inscrita en el Registro Mercantil de \u00c1lava, Tomo 1638, Folio 223, Hoja VI-18668, Inscripci\u00f3n 117a, y gestiona el portal rogergoulart.com y clubrogergoulart.com. [&hellip;]\" \/>\n<meta property=\"og:url\" content=\"https:\/\/www.rogergoulart.com\/ca\/avis-legal\/\" \/>\n<meta property=\"og:site_name\" content=\"Roger Goulart\" \/>\n<meta property=\"article:modified_time\" content=\"2023-10-31T13:00:14+00:00\" \/>\n<meta name=\"twitter:card\" content=\"summary_large_image\" \/>\n<meta name=\"twitter:label1\" content=\"Est. reading time\" \/>\n\t<meta name=\"twitter:data1\" content=\"6 minutes\" \/>\n<script type=\"application\/ld+json\" class=\"yoast-schema-graph\">{\"@context\":\"https:\/\/schema.org\",\"@graph\":[{\"@type\":\"WebPage\",\"@id\":\"https:\/\/www.rogergoulart.com\/ca\/avis-legal\/\",\"url\":\"https:\/\/www.rogergoulart.com\/ca\/avis-legal\/\",\"name\":\"Aviso legal | Roger Goulart\",\"isPartOf\":{\"@id\":\"https:\/\/www.rogergoulart.com\/ca\/#website\"},\"datePublished\":\"2021-02-01T10:04:09+00:00\",\"dateModified\":\"2023-10-31T13:00:14+00:00\",\"breadcrumb\":{\"@id\":\"https:\/\/www.rogergoulart.com\/ca\/avis-legal\/#breadcrumb\"},\"inLanguage\":\"ca-CA\",\"potentialAction\":[{\"@type\":\"ReadAction\",\"target\":[\"https:\/\/www.rogergoulart.com\/ca\/avis-legal\/\"]}]},{\"@type\":\"BreadcrumbList\",\"@id\":\"https:\/\/www.rogergoulart.com\/ca\/avis-legal\/#breadcrumb\",\"itemListElement\":[{\"@type\":\"ListItem\",\"position\":1,\"name\":\"Home\",\"item\":\"https:\/\/www.rogergoulart.com\/ca\/\"},{\"@type\":\"ListItem\",\"position\":2,\"name\":\"Av\u00eds legal\"}]},{\"@type\":\"WebSite\",\"@id\":\"https:\/\/www.rogergoulart.com\/ca\/#website\",\"url\":\"https:\/\/www.rogergoulart.com\/ca\/\",\"name\":\"Roger Goulart\",\"description\":\"\",\"potentialAction\":[{\"@type\":\"SearchAction\",\"target\":{\"@type\":\"EntryPoint\",\"urlTemplate\":\"https:\/\/www.rogergoulart.com\/ca\/?s={search_term_string}\"},\"query-input\":{\"@type\":\"PropertyValueSpecification\",\"valueRequired\":true,\"valueName\":\"search_term_string\"}}],\"inLanguage\":\"ca-CA\"}]}<\/script>\n<!-- \/ Yoast SEO plugin. -->","yoast_head_json":{"title":"Aviso legal | Roger Goulart","robots":{"index":"index","follow":"follow","max-snippet":"max-snippet:-1","max-image-preview":"max-image-preview:large","max-video-preview":"max-video-preview:-1"},"canonical":"https:\/\/www.rogergoulart.com\/ca\/avis-legal\/","og_locale":"en_US","og_type":"article","og_title":"Aviso legal | Roger Goulart","og_description":"Datos identificativos La empresa titular de esta website es la sociedad ROGER GOULART S.A. (en adelante, ROGER GOULART), con domicilio social en carretera Logro\u00f1o-Laguardia km. 4,8, 01300 Laguardia (\u00c1lava) y con CIF: A08409336, inscrita en el Registro Mercantil de \u00c1lava, Tomo 1638, Folio 223, Hoja VI-18668, Inscripci\u00f3n 117a, y gestiona el portal rogergoulart.com y clubrogergoulart.com. [&hellip;]","og_url":"https:\/\/www.rogergoulart.com\/ca\/avis-legal\/","og_site_name":"Roger Goulart","article_modified_time":"2023-10-31T13:00:14+00:00","twitter_card":"summary_large_image","twitter_misc":{"Est. reading time":"6 minutes"},"schema":{"@context":"https:\/\/schema.org","@graph":[{"@type":"WebPage","@id":"https:\/\/www.rogergoulart.com\/ca\/avis-legal\/","url":"https:\/\/www.rogergoulart.com\/ca\/avis-legal\/","name":"Aviso legal | Roger Goulart","isPartOf":{"@id":"https:\/\/www.rogergoulart.com\/ca\/#website"},"datePublished":"2021-02-01T10:04:09+00:00","dateModified":"2023-10-31T13:00:14+00:00","breadcrumb":{"@id":"https:\/\/www.rogergoulart.com\/ca\/avis-legal\/#breadcrumb"},"inLanguage":"ca-CA","potentialAction":[{"@type":"ReadAction","target":["https:\/\/www.rogergoulart.com\/ca\/avis-legal\/"]}]},{"@type":"BreadcrumbList","@id":"https:\/\/www.rogergoulart.com\/ca\/avis-legal\/#breadcrumb","itemListElement":[{"@type":"ListItem","position":1,"name":"Home","item":"https:\/\/www.rogergoulart.com\/ca\/"},{"@type":"ListItem","position":2,"name":"Av\u00eds legal"}]},{"@type":"WebSite","@id":"https:\/\/www.rogergoulart.com\/ca\/#website","url":"https:\/\/www.rogergoulart.com\/ca\/","name":"Roger Goulart","description":"","potentialAction":[{"@type":"SearchAction","target":{"@type":"EntryPoint","urlTemplate":"https:\/\/www.rogergoulart.com\/ca\/?s={search_term_string}"},"query-input":{"@type":"PropertyValueSpecification","valueRequired":true,"valueName":"search_term_string"}}],"inLanguage":"ca-CA"}]}},"_links":{"self":[{"href":"https:\/\/www.rogergoulart.com\/ca\/wp-json\/wp\/v2\/pages\/5918","targetHints":{"allow":["GET"]}}],"collection":[{"href":"https:\/\/www.rogergoulart.com\/ca\/wp-json\/wp\/v2\/pages"}],"about":[{"href":"https:\/\/www.rogergoulart.com\/ca\/wp-json\/wp\/v2\/types\/page"}],"author":[{"embeddable":true,"href":"https:\/\/www.rogergoulart.com\/ca\/wp-json\/wp\/v2\/users\/1"}],"replies":[{"embeddable":true,"href":"https:\/\/www.rogergoulart.com\/ca\/wp-json\/wp\/v2\/comments?post=5918"}],"version-history":[{"count":2,"href":"https:\/\/www.rogergoulart.com\/ca\/wp-json\/wp\/v2\/pages\/5918\/revisions"}],"predecessor-version":[{"id":5937,"href":"https:\/\/www.rogergoulart.com\/ca\/wp-json\/wp\/v2\/pages\/5918\/revisions\/5937"}],"wp:attachment":[{"href":"https:\/\/www.rogergoulart.com\/ca\/wp-json\/wp\/v2\/media?parent=5918"}],"curies":[{"name":"wp","href":"https:\/\/api.w.org\/{rel}","templated":true}]}}