{"id":5924,"date":"2021-12-29T12:50:38","date_gmt":"2021-12-29T12:50:38","guid":{"rendered":"https:\/\/www.rogergoulart.com\/elaboracion\/"},"modified":"2023-11-17T17:56:00","modified_gmt":"2023-11-17T17:56:00","slug":"elaboracio","status":"publish","type":"page","link":"https:\/\/www.rogergoulart.com\/ca\/elaboracio\/","title":{"rendered":"Elaboraci\u00f3"},"content":{"rendered":"","protected":false},"excerpt":{"rendered":"","protected":false},"author":2,"featured_media":5636,"parent":0,"menu_order":6,"comment_status":"closed","ping_status":"closed","template":"plantilla_quienes_somos.php","meta":{"_acf_changed":false,"inline_featured_image":false,"footnotes":""},"class_list":["post-5924","page","type-page","status-publish","has-post-thumbnail","hentry"],"acf":[],"yoast_head":"<!-- This site is optimized with the Yoast SEO plugin v26.9 - https:\/\/yoast.com\/product\/yoast-seo-wordpress\/ -->\n<title>Elaboraci\u00f3n de vinos y cavas | Roger Goulart<\/title>\n<meta name=\"description\" content=\"Descubre nuestro proceso de elaboraci\u00f3n y los or\u00edgenes de los cavas de larga crianza de Roger Goulart, as\u00ed como nuestra mejor selecci\u00f3n de vinos.\" \/>\n<meta name=\"robots\" content=\"index, follow, max-snippet:-1, max-image-preview:large, max-video-preview:-1\" \/>\n<link rel=\"canonical\" href=\"https:\/\/www.rogergoulart.com\/ca\/elaboracio\/\" \/>\n<meta property=\"og:locale\" content=\"en_US\" \/>\n<meta property=\"og:type\" content=\"article\" \/>\n<meta property=\"og:title\" content=\"Elaboraci\u00f3n de vinos y cavas | Roger Goulart\" \/>\n<meta property=\"og:description\" content=\"Descubre nuestro proceso de elaboraci\u00f3n y los or\u00edgenes de los cavas de larga crianza de Roger Goulart, as\u00ed como nuestra mejor selecci\u00f3n de vinos.\" \/>\n<meta property=\"og:url\" content=\"https:\/\/www.rogergoulart.com\/ca\/elaboracio\/\" \/>\n<meta property=\"og:site_name\" content=\"Roger Goulart\" \/>\n<meta property=\"article:modified_time\" content=\"2023-11-17T17:56:00+00:00\" \/>\n<meta name=\"twitter:card\" content=\"summary_large_image\" \/>\n<script type=\"application\/ld+json\" class=\"yoast-schema-graph\">{\"@context\":\"https:\/\/schema.org\",\"@graph\":[{\"@type\":\"WebPage\",\"@id\":\"https:\/\/www.rogergoulart.com\/ca\/elaboracio\/\",\"url\":\"https:\/\/www.rogergoulart.com\/ca\/elaboracio\/\",\"name\":\"Elaboraci\u00f3n de vinos y cavas | Roger Goulart\",\"isPartOf\":{\"@id\":\"https:\/\/www.rogergoulart.com\/ca\/#website\"},\"primaryImageOfPage\":{\"@id\":\"https:\/\/www.rogergoulart.com\/ca\/elaboracio\/#primaryimage\"},\"image\":{\"@id\":\"https:\/\/www.rogergoulart.com\/ca\/elaboracio\/#primaryimage\"},\"thumbnailUrl\":\"https:\/\/www.rogergoulart.com\/wp-content\/uploads\/2022\/02\/roger-goulart-elaboracion-hero.jpg\",\"datePublished\":\"2021-12-29T12:50:38+00:00\",\"dateModified\":\"2023-11-17T17:56:00+00:00\",\"description\":\"Descubre nuestro proceso de elaboraci\u00f3n y los or\u00edgenes de los cavas de larga crianza de Roger Goulart, as\u00ed como nuestra mejor selecci\u00f3n de vinos.\",\"breadcrumb\":{\"@id\":\"https:\/\/www.rogergoulart.com\/ca\/elaboracio\/#breadcrumb\"},\"inLanguage\":\"ca-CA\",\"potentialAction\":[{\"@type\":\"ReadAction\",\"target\":[\"https:\/\/www.rogergoulart.com\/ca\/elaboracio\/\"]}]},{\"@type\":\"ImageObject\",\"inLanguage\":\"ca-CA\",\"@id\":\"https:\/\/www.rogergoulart.com\/ca\/elaboracio\/#primaryimage\",\"url\":\"https:\/\/www.rogergoulart.com\/wp-content\/uploads\/2022\/02\/roger-goulart-elaboracion-hero.jpg\",\"contentUrl\":\"https:\/\/www.rogergoulart.com\/wp-content\/uploads\/2022\/02\/roger-goulart-elaboracion-hero.jpg\",\"width\":1800,\"height\":496},{\"@type\":\"BreadcrumbList\",\"@id\":\"https:\/\/www.rogergoulart.com\/ca\/elaboracio\/#breadcrumb\",\"itemListElement\":[{\"@type\":\"ListItem\",\"position\":1,\"name\":\"Home\",\"item\":\"https:\/\/www.rogergoulart.com\/ca\/\"},{\"@type\":\"ListItem\",\"position\":2,\"name\":\"Elaboraci\u00f3\"}]},{\"@type\":\"WebSite\",\"@id\":\"https:\/\/www.rogergoulart.com\/ca\/#website\",\"url\":\"https:\/\/www.rogergoulart.com\/ca\/\",\"name\":\"Roger Goulart\",\"description\":\"\",\"potentialAction\":[{\"@type\":\"SearchAction\",\"target\":{\"@type\":\"EntryPoint\",\"urlTemplate\":\"https:\/\/www.rogergoulart.com\/ca\/?s={search_term_string}\"},\"query-input\":{\"@type\":\"PropertyValueSpecification\",\"valueRequired\":true,\"valueName\":\"search_term_string\"}}],\"inLanguage\":\"ca-CA\"}]}<\/script>\n<!-- \/ Yoast SEO plugin. -->","yoast_head_json":{"title":"Elaboraci\u00f3n de vinos y cavas | Roger Goulart","description":"Descubre nuestro proceso de elaboraci\u00f3n y los or\u00edgenes de los cavas de larga crianza de Roger Goulart, as\u00ed como nuestra mejor selecci\u00f3n de vinos.","robots":{"index":"index","follow":"follow","max-snippet":"max-snippet:-1","max-image-preview":"max-image-preview:large","max-video-preview":"max-video-preview:-1"},"canonical":"https:\/\/www.rogergoulart.com\/ca\/elaboracio\/","og_locale":"en_US","og_type":"article","og_title":"Elaboraci\u00f3n de vinos y cavas | Roger Goulart","og_description":"Descubre nuestro proceso de elaboraci\u00f3n y los or\u00edgenes de los cavas de larga crianza de Roger Goulart, as\u00ed como nuestra mejor selecci\u00f3n de vinos.","og_url":"https:\/\/www.rogergoulart.com\/ca\/elaboracio\/","og_site_name":"Roger Goulart","article_modified_time":"2023-11-17T17:56:00+00:00","twitter_card":"summary_large_image","schema":{"@context":"https:\/\/schema.org","@graph":[{"@type":"WebPage","@id":"https:\/\/www.rogergoulart.com\/ca\/elaboracio\/","url":"https:\/\/www.rogergoulart.com\/ca\/elaboracio\/","name":"Elaboraci\u00f3n de vinos y cavas | Roger Goulart","isPartOf":{"@id":"https:\/\/www.rogergoulart.com\/ca\/#website"},"primaryImageOfPage":{"@id":"https:\/\/www.rogergoulart.com\/ca\/elaboracio\/#primaryimage"},"image":{"@id":"https:\/\/www.rogergoulart.com\/ca\/elaboracio\/#primaryimage"},"thumbnailUrl":"https:\/\/www.rogergoulart.com\/wp-content\/uploads\/2022\/02\/roger-goulart-elaboracion-hero.jpg","datePublished":"2021-12-29T12:50:38+00:00","dateModified":"2023-11-17T17:56:00+00:00","description":"Descubre nuestro proceso de elaboraci\u00f3n y los or\u00edgenes de los cavas de larga crianza de Roger Goulart, as\u00ed como nuestra mejor selecci\u00f3n de vinos.","breadcrumb":{"@id":"https:\/\/www.rogergoulart.com\/ca\/elaboracio\/#breadcrumb"},"inLanguage":"ca-CA","potentialAction":[{"@type":"ReadAction","target":["https:\/\/www.rogergoulart.com\/ca\/elaboracio\/"]}]},{"@type":"ImageObject","inLanguage":"ca-CA","@id":"https:\/\/www.rogergoulart.com\/ca\/elaboracio\/#primaryimage","url":"https:\/\/www.rogergoulart.com\/wp-content\/uploads\/2022\/02\/roger-goulart-elaboracion-hero.jpg","contentUrl":"https:\/\/www.rogergoulart.com\/wp-content\/uploads\/2022\/02\/roger-goulart-elaboracion-hero.jpg","width":1800,"height":496},{"@type":"BreadcrumbList","@id":"https:\/\/www.rogergoulart.com\/ca\/elaboracio\/#breadcrumb","itemListElement":[{"@type":"ListItem","position":1,"name":"Home","item":"https:\/\/www.rogergoulart.com\/ca\/"},{"@type":"ListItem","position":2,"name":"Elaboraci\u00f3"}]},{"@type":"WebSite","@id":"https:\/\/www.rogergoulart.com\/ca\/#website","url":"https:\/\/www.rogergoulart.com\/ca\/","name":"Roger Goulart","description":"","potentialAction":[{"@type":"SearchAction","target":{"@type":"EntryPoint","urlTemplate":"https:\/\/www.rogergoulart.com\/ca\/?s={search_term_string}"},"query-input":{"@type":"PropertyValueSpecification","valueRequired":true,"valueName":"search_term_string"}}],"inLanguage":"ca-CA"}]}},"_links":{"self":[{"href":"https:\/\/www.rogergoulart.com\/ca\/wp-json\/wp\/v2\/pages\/5924","targetHints":{"allow":["GET"]}}],"collection":[{"href":"https:\/\/www.rogergoulart.com\/ca\/wp-json\/wp\/v2\/pages"}],"about":[{"href":"https:\/\/www.rogergoulart.com\/ca\/wp-json\/wp\/v2\/types\/page"}],"author":[{"embeddable":true,"href":"https:\/\/www.rogergoulart.com\/ca\/wp-json\/wp\/v2\/users\/2"}],"replies":[{"embeddable":true,"href":"https:\/\/www.rogergoulart.com\/ca\/wp-json\/wp\/v2\/comments?post=5924"}],"version-history":[{"count":5,"href":"https:\/\/www.rogergoulart.com\/ca\/wp-json\/wp\/v2\/pages\/5924\/revisions"}],"predecessor-version":[{"id":6016,"href":"https:\/\/www.rogergoulart.com\/ca\/wp-json\/wp\/v2\/pages\/5924\/revisions\/6016"}],"wp:featuredmedia":[{"embeddable":true,"href":"https:\/\/www.rogergoulart.com\/ca\/wp-json\/wp\/v2\/media\/5636"}],"wp:attachment":[{"href":"https:\/\/www.rogergoulart.com\/ca\/wp-json\/wp\/v2\/media?parent=5924"}],"curies":[{"name":"wp","href":"https:\/\/api.w.org\/{rel}","templated":true}]}}