{"id":5957,"date":"2021-04-07T17:39:09","date_gmt":"2021-04-07T17:39:09","guid":{"rendered":"https:\/\/www.rogergoulart.com\/newsletter\/"},"modified":"2023-10-31T14:43:08","modified_gmt":"2023-10-31T14:43:08","slug":"newsletter","status":"publish","type":"page","link":"https:\/\/www.rogergoulart.com\/ca\/newsletter\/","title":{"rendered":"Newsletter"},"content":{"rendered":"<h2>Informa&#8217;t de totes les nostres novetats a l&#8217;instant.<\/h2>\n<h2>Subscriu-te al nostre butllet\u00ed de not\u00edcies mitjan\u00e7ant el seg\u00fcent formulari:<\/h2>\n\n<div class=\"wpcf7 no-js\" id=\"wpcf7-f5959-o1\" lang=\"ca-CA\" dir=\"ltr\" data-wpcf7-id=\"5959\">\n<div class=\"screen-reader-response\"><p role=\"status\" aria-live=\"polite\" aria-atomic=\"true\"><\/p> <ul><\/ul><\/div>\n<form action=\"\/ca\/wp-json\/wp\/v2\/pages\/5957#wpcf7-f5959-o1\" method=\"post\" class=\"wpcf7-form init 2afa644ed0c5 cmatic-conn cmatic-aud-32 cmatic-mapd0-0 cmatic-v0974 cmatic-sent-0 cmatic-total-182\" aria-label=\"Contact form\" novalidate=\"novalidate\" data-status=\"init\">\n<fieldset class=\"hidden-fields-container\"><input type=\"hidden\" name=\"_wpcf7\" value=\"5959\" \/><input type=\"hidden\" name=\"_wpcf7_version\" value=\"6.1.4\" \/><input type=\"hidden\" name=\"_wpcf7_locale\" value=\"ca_CA\" \/><input type=\"hidden\" name=\"_wpcf7_unit_tag\" value=\"wpcf7-f5959-o1\" \/><input type=\"hidden\" name=\"_wpcf7_container_post\" value=\"0\" \/><input type=\"hidden\" name=\"_wpcf7_posted_data_hash\" value=\"\" \/><input type=\"hidden\" name=\"_wpcf7_recaptcha_response\" value=\"\" \/>\n<\/fieldset>\n<div class='row'>\n\t<div class='col-12 col-sm-2 col-lg-3'>\n\t<\/div>\n\t<div class='col-12 col-sm-8 col-lg-6'>\n\t\t<p><label><span class=\"wpcf7-form-control-wrap\" data-name=\"nombre\"><input size=\"40\" maxlength=\"400\" class=\"wpcf7-form-control wpcf7-text wpcf7-validates-as-required\" aria-required=\"true\" aria-invalid=\"false\" placeholder=\"\" value=\"\" type=\"text\" name=\"nombre\" \/><\/span><span class='form__span'>Nom<\/span><\/label><br \/>\n<label><span class=\"wpcf7-form-control-wrap\" data-name=\"email\"><input size=\"40\" maxlength=\"400\" class=\"wpcf7-form-control wpcf7-email wpcf7-validates-as-required wpcf7-text wpcf7-validates-as-email\" aria-required=\"true\" aria-invalid=\"false\" placeholder=\"\" value=\"\" type=\"email\" name=\"email\" \/><\/span><span class='form__span'>Email<\/span><\/label><br \/>\n<span class=\"wpcf7-form-control-wrap\" data-name=\"acceptance-165\"><span class=\"wpcf7-form-control wpcf7-acceptance\"><span class=\"wpcf7-list-item\"><label><input type=\"checkbox\" name=\"acceptance-165\" value=\"1\" aria-invalid=\"false\" \/><span class=\"wpcf7-list-item-label\">He llegit i accepto la <a href='https:\/\/www.rogergoulart.com\/ca\/politica-privacitat\/' target='_blank' style='background: transparent;border: 0px;padding: 0px;display: inline-block;'><u>pol\u00edtica de privacitat<\/u><\/a><\/span><\/label><\/span><\/span><\/span>\n\t\t<\/p>\n\t\t<div class='text-center'>\n\t\t\t<p><input class=\"wpcf7-form-control wpcf7-submit has-spinner btn btn-trans\" type=\"submit\" value=\"ENVIAR\" \/>\n\t\t\t<\/p>\n\t\t<\/div>\n\t<\/div>\n<\/div><div class=\"wpcf7-response-output\" aria-hidden=\"true\"><\/div>\n<\/form>\n<\/div>\n\n","protected":false},"excerpt":{"rendered":"<p>Informa&#8217;t de totes les nostres novetats a l&#8217;instant. Subscriu-te al nostre butllet\u00ed de not\u00edcies mitjan\u00e7ant el seg\u00fcent formulari:<\/p>\n","protected":false},"author":1,"featured_media":0,"parent":0,"menu_order":0,"comment_status":"closed","ping_status":"closed","template":"plantilla_newsletter.php","meta":{"_acf_changed":false,"inline_featured_image":false,"footnotes":""},"class_list":["post-5957","page","type-page","status-publish","hentry"],"acf":[],"yoast_head":"<!-- This site is optimized with the Yoast SEO plugin v26.9 - https:\/\/yoast.com\/product\/yoast-seo-wordpress\/ -->\n<title>Ap\u00fantate a nuestra Newsletter | Roger Goulart<\/title>\n<meta name=\"description\" content=\"Inf\u00f3rmate de todas nuestras novedades al instante. Suscr\u00edbete a nuestro bolet\u00edn de noticias mediante el siguiente formulario.\" \/>\n<meta name=\"robots\" content=\"index, follow, max-snippet:-1, max-image-preview:large, max-video-preview:-1\" \/>\n<link rel=\"canonical\" href=\"https:\/\/www.rogergoulart.com\/ca\/newsletter\/\" \/>\n<meta property=\"og:locale\" content=\"en_US\" \/>\n<meta property=\"og:type\" content=\"article\" \/>\n<meta property=\"og:title\" content=\"Ap\u00fantate a nuestra Newsletter | Roger Goulart\" \/>\n<meta property=\"og:description\" content=\"Inf\u00f3rmate de todas nuestras novedades al instante. Suscr\u00edbete a nuestro bolet\u00edn de noticias mediante el siguiente formulario.\" \/>\n<meta property=\"og:url\" content=\"https:\/\/www.rogergoulart.com\/ca\/newsletter\/\" \/>\n<meta property=\"og:site_name\" content=\"Roger Goulart\" \/>\n<meta property=\"article:modified_time\" content=\"2023-10-31T14:43:08+00:00\" \/>\n<meta property=\"og:image\" content=\"https:\/\/www.rogergoulart.com\/wp-content\/uploads\/2021\/12\/bela-contacto-seo-social.jpg\" \/>\n\t<meta property=\"og:image:width\" content=\"1200\" \/>\n\t<meta property=\"og:image:height\" content=\"630\" \/>\n\t<meta property=\"og:image:type\" content=\"image\/jpeg\" \/>\n<meta name=\"twitter:card\" content=\"summary_large_image\" \/>\n<meta name=\"twitter:image\" content=\"https:\/\/www.rogergoulart.com\/wp-content\/uploads\/2021\/12\/bela-contacto-seo-social-twitter.jpg\" \/>\n<meta name=\"twitter:label1\" content=\"Est. reading time\" \/>\n\t<meta name=\"twitter:data1\" content=\"1 minute\" \/>\n<script type=\"application\/ld+json\" class=\"yoast-schema-graph\">{\"@context\":\"https:\/\/schema.org\",\"@graph\":[{\"@type\":\"WebPage\",\"@id\":\"https:\/\/www.rogergoulart.com\/ca\/newsletter\/\",\"url\":\"https:\/\/www.rogergoulart.com\/ca\/newsletter\/\",\"name\":\"Ap\u00fantate a nuestra Newsletter | Roger Goulart\",\"isPartOf\":{\"@id\":\"https:\/\/www.rogergoulart.com\/ca\/#website\"},\"datePublished\":\"2021-04-07T17:39:09+00:00\",\"dateModified\":\"2023-10-31T14:43:08+00:00\",\"description\":\"Inf\u00f3rmate de todas nuestras novedades al instante. Suscr\u00edbete a nuestro bolet\u00edn de noticias mediante el siguiente formulario.\",\"breadcrumb\":{\"@id\":\"https:\/\/www.rogergoulart.com\/ca\/newsletter\/#breadcrumb\"},\"inLanguage\":\"ca-CA\",\"potentialAction\":[{\"@type\":\"ReadAction\",\"target\":[\"https:\/\/www.rogergoulart.com\/ca\/newsletter\/\"]}]},{\"@type\":\"BreadcrumbList\",\"@id\":\"https:\/\/www.rogergoulart.com\/ca\/newsletter\/#breadcrumb\",\"itemListElement\":[{\"@type\":\"ListItem\",\"position\":1,\"name\":\"Home\",\"item\":\"https:\/\/www.rogergoulart.com\/ca\/\"},{\"@type\":\"ListItem\",\"position\":2,\"name\":\"Newsletter\"}]},{\"@type\":\"WebSite\",\"@id\":\"https:\/\/www.rogergoulart.com\/ca\/#website\",\"url\":\"https:\/\/www.rogergoulart.com\/ca\/\",\"name\":\"Roger Goulart\",\"description\":\"\",\"potentialAction\":[{\"@type\":\"SearchAction\",\"target\":{\"@type\":\"EntryPoint\",\"urlTemplate\":\"https:\/\/www.rogergoulart.com\/ca\/?s={search_term_string}\"},\"query-input\":{\"@type\":\"PropertyValueSpecification\",\"valueRequired\":true,\"valueName\":\"search_term_string\"}}],\"inLanguage\":\"ca-CA\"}]}<\/script>\n<!-- \/ Yoast SEO plugin. -->","yoast_head_json":{"title":"Ap\u00fantate a nuestra Newsletter | Roger Goulart","description":"Inf\u00f3rmate de todas nuestras novedades al instante. Suscr\u00edbete a nuestro bolet\u00edn de noticias mediante el siguiente formulario.","robots":{"index":"index","follow":"follow","max-snippet":"max-snippet:-1","max-image-preview":"max-image-preview:large","max-video-preview":"max-video-preview:-1"},"canonical":"https:\/\/www.rogergoulart.com\/ca\/newsletter\/","og_locale":"en_US","og_type":"article","og_title":"Ap\u00fantate a nuestra Newsletter | Roger Goulart","og_description":"Inf\u00f3rmate de todas nuestras novedades al instante. Suscr\u00edbete a nuestro bolet\u00edn de noticias mediante el siguiente formulario.","og_url":"https:\/\/www.rogergoulart.com\/ca\/newsletter\/","og_site_name":"Roger Goulart","article_modified_time":"2023-10-31T14:43:08+00:00","og_image":[{"width":1200,"height":630,"url":"https:\/\/www.rogergoulart.com\/wp-content\/uploads\/2021\/12\/bela-contacto-seo-social.jpg","type":"image\/jpeg"}],"twitter_card":"summary_large_image","twitter_image":"https:\/\/www.rogergoulart.com\/wp-content\/uploads\/2021\/12\/bela-contacto-seo-social-twitter.jpg","twitter_misc":{"Est. reading time":"1 minute"},"schema":{"@context":"https:\/\/schema.org","@graph":[{"@type":"WebPage","@id":"https:\/\/www.rogergoulart.com\/ca\/newsletter\/","url":"https:\/\/www.rogergoulart.com\/ca\/newsletter\/","name":"Ap\u00fantate a nuestra Newsletter | Roger Goulart","isPartOf":{"@id":"https:\/\/www.rogergoulart.com\/ca\/#website"},"datePublished":"2021-04-07T17:39:09+00:00","dateModified":"2023-10-31T14:43:08+00:00","description":"Inf\u00f3rmate de todas nuestras novedades al instante. Suscr\u00edbete a nuestro bolet\u00edn de noticias mediante el siguiente formulario.","breadcrumb":{"@id":"https:\/\/www.rogergoulart.com\/ca\/newsletter\/#breadcrumb"},"inLanguage":"ca-CA","potentialAction":[{"@type":"ReadAction","target":["https:\/\/www.rogergoulart.com\/ca\/newsletter\/"]}]},{"@type":"BreadcrumbList","@id":"https:\/\/www.rogergoulart.com\/ca\/newsletter\/#breadcrumb","itemListElement":[{"@type":"ListItem","position":1,"name":"Home","item":"https:\/\/www.rogergoulart.com\/ca\/"},{"@type":"ListItem","position":2,"name":"Newsletter"}]},{"@type":"WebSite","@id":"https:\/\/www.rogergoulart.com\/ca\/#website","url":"https:\/\/www.rogergoulart.com\/ca\/","name":"Roger Goulart","description":"","potentialAction":[{"@type":"SearchAction","target":{"@type":"EntryPoint","urlTemplate":"https:\/\/www.rogergoulart.com\/ca\/?s={search_term_string}"},"query-input":{"@type":"PropertyValueSpecification","valueRequired":true,"valueName":"search_term_string"}}],"inLanguage":"ca-CA"}]}},"_links":{"self":[{"href":"https:\/\/www.rogergoulart.com\/ca\/wp-json\/wp\/v2\/pages\/5957","targetHints":{"allow":["GET"]}}],"collection":[{"href":"https:\/\/www.rogergoulart.com\/ca\/wp-json\/wp\/v2\/pages"}],"about":[{"href":"https:\/\/www.rogergoulart.com\/ca\/wp-json\/wp\/v2\/types\/page"}],"author":[{"embeddable":true,"href":"https:\/\/www.rogergoulart.com\/ca\/wp-json\/wp\/v2\/users\/1"}],"replies":[{"embeddable":true,"href":"https:\/\/www.rogergoulart.com\/ca\/wp-json\/wp\/v2\/comments?post=5957"}],"version-history":[{"count":2,"href":"https:\/\/www.rogergoulart.com\/ca\/wp-json\/wp\/v2\/pages\/5957\/revisions"}],"predecessor-version":[{"id":5960,"href":"https:\/\/www.rogergoulart.com\/ca\/wp-json\/wp\/v2\/pages\/5957\/revisions\/5960"}],"wp:attachment":[{"href":"https:\/\/www.rogergoulart.com\/ca\/wp-json\/wp\/v2\/media?parent=5957"}],"curies":[{"name":"wp","href":"https:\/\/api.w.org\/{rel}","templated":true}]}}